{"id":4366,"date":"2025-02-21T15:54:14","date_gmt":"2025-02-21T14:54:14","guid":{"rendered":"https:\/\/www.24orecultura.com\/?page_id=4366"},"modified":"2025-03-07T16:38:28","modified_gmt":"2025-03-07T15:38:28","slug":"international-exhibitions","status":"publish","type":"page","link":"https:\/\/www.24orecultura.com\/en\/exhibitions-and-museum-management\/international-exhibitions\/","title":{"rendered":"International Editions"},"content":{"rendered":"\n<p><a><\/a>  In fact, thanks to its consolidated experience and specific know-how, 24 ORE Cultura supports public and private institutions in the dissemination of their heritage and in the creation of a network of international contacts, thus promoting the valorization of the specific cultural heritage of each individual Italian and foreign institution favoring its competitiveness in the global landscape. 24 ORE Cultura&#8217;s integrated approach makes it possible to transform artistic and cultural heritage into a strategic asset and to activate operations to advise and enhance the artistic heritage of public, private and corporate collections, with targeted art advisory activities. <\/p>\n\n<p>In particular, 24 ORE Cultura&#8217;s Development and International Relations Office is in charge of researching and developing ad hoc exhibition projects for international museum and exhibition venues, consistent with their strategic lines and specific permanent collections; it also provides specialized consultancy in the elaboration of strategies for developing a network of international contacts, offering customized support to maximize the impact and visibility of the institutions involved.<\/p>\n\n<p>Through targeted consulting services, 24 ORE Culture supports institutions in all project phases, from conception to implementation of cultural initiatives, ensuring effective solutions tailored to each context.<\/p>\n\n<p>24 Hours Culture is now active in many European and non-European countries with exhibition projects and multiple cultural activities.<\/p>\n\n<div class=\"wp-block-group alignfull has-light-2-background-color has-background has-global-padding is-layout-constrained wp-block-group-is-layout-constrained\" style=\"margin-bottom:var(--wp--preset--spacing--60);padding-top:var(--wp--preset--spacing--50);padding-bottom:var(--wp--preset--spacing--40)\">\n<div class=\"wp-block-group is-vertical is-layout-flex wp-container-core-group-is-layout-fe9cc265 wp-block-group-is-layout-flex\">\n<div class=\"wp-block-group has-global-padding is-layout-constrained wp-block-group-is-layout-constrained\"><h3 class=\"wp-block-heading has-medium-font-size\" id=\"banksy-amp-street-artists\"><strong>Banksy <\/strong>&amp; Street Artists<\/h3>\n\n\n<ul class=\"wp-block-list\">\n<li class=\"has-normal-font-size\">Sagawa Art Museum, Moriyama.  <br\/>12.03-12.06.2022<\/li>\n\n\n\n<li class=\"has-normal-font-size\">Huis Ten Bosch Museum, Nagasaki.  <br\/>9.07- 5.09.2022<\/li>\n\n\n\n<li class=\"has-normal-font-size\">Urasoe City Museum, Okinawa.  <br\/>16.09- 10.10.2022<\/li>\n\n\n\n<li class=\"has-normal-font-size\">Seibu Art Gallery, Tokyo.  <br\/>20.10- 20.11.2022<\/li>\n\n\n\n<li class=\"has-normal-font-size\">Niigata Isetan Gallery, Niigata.<br\/>10.12.2022 &#8211; 14.01.2023<\/li>\n\n\n\n<li class=\"has-normal-font-size\">Ehime Prefectural Museum of Art, Ehime.  <br\/>7.09- 17.11.2024<\/li>\n\n\n\n<li class=\"has-normal-font-size\">Shibuya Stream Hall, Tokyo.  <br\/>21.01 &#8211; 23.03.2025<\/li>\n<\/ul>\n<\/div>\n\n\n\n<div class=\"wp-block-group is-vertical is-layout-flex wp-container-core-group-is-layout-fe9cc265 wp-block-group-is-layout-flex\">\n<div class=\"wp-block-group has-global-padding is-layout-constrained wp-block-group-is-layout-constrained\"><h3 class=\"wp-block-heading has-medium-font-size\" id=\"etruscan-treasures-from-villa-giulia\">Etruscan treasures from Villa Giulia<\/h3>\n\n\n<ul class=\"wp-block-list\">\n<li class=\"has-normal-font-size\">Landesmuseum Hannover &#8211; The WorldMuseum.<br\/>15.03 &#8211; 1.09.2024<\/li>\n<\/ul>\n<\/div>\n\n\n\n<div class=\"wp-block-group has-global-padding is-layout-constrained wp-block-group-is-layout-constrained\"><h3 class=\"wp-block-heading has-medium-font-size\" id=\"disney-telling-timeless-stories\"><strong>Disney. Telling Timeless Stories <\/strong><\/h3>\n\n\n<ul class=\"wp-block-list\">\n<li class=\"has-normal-font-size\">Groningen Forum.  <br\/>22.04-10.09.2023<\/li>\n<\/ul>\n<\/div>\n\n\n\n<div class=\"wp-block-group has-global-padding is-layout-constrained wp-block-group-is-layout-constrained\"><h3 class=\"wp-block-heading has-medium-font-size\" id=\"egypt-the-extraordinary-discovery-of-pharaoh-amenophis-ii\">Egypt. The Extraordinary Discovery of Pharaoh Amenophis II. <\/h3>\n\n\n<ul class=\"wp-block-list\">\n<li class=\"has-normal-font-size\">Museum of Fine Arts, Budapest.  <br\/>16.09.2021 &#8211; 9.01.2022<\/li>\n<\/ul>\n<\/div>\n<\/div>\n\n\n\n<div class=\"wp-block-group is-vertical is-layout-flex wp-container-core-group-is-layout-fe9cc265 wp-block-group-is-layout-flex\">\n<div class=\"wp-block-group has-global-padding is-layout-constrained wp-block-group-is-layout-constrained\"><h3 class=\"wp-block-heading has-medium-font-size\" id=\"a-visual-protest-the-art-of-banksy\">A Visual Protest. The Art of Banksy<\/h3>\n\n\n<ul class=\"wp-block-list\">\n<li class=\"has-normal-font-size\">G\u00f6sta Serlachius Museum, M\u00e4ntt\u00e4-Vilppula.  <br\/>14.05 &#8211; 10.10.2021<\/li>\n<\/ul>\n<\/div>\n\n\n\n<div class=\"wp-block-group has-global-padding is-layout-constrained wp-block-group-is-layout-constrained\"><h3 class=\"wp-block-heading has-medium-font-size\" id=\"lunapark-the-design-island\">Lunapark. The Design Island <\/h3>\n\n\n<ul class=\"wp-block-list\">\n<li class=\"has-normal-font-size\">Seoul, South Korea.  <br\/>27.07- 6.11.2018<\/li>\n<\/ul>\n<\/div>\n\n\n\n<div class=\"wp-block-group has-global-padding is-layout-constrained wp-block-group-is-layout-constrained\"><h3 class=\"wp-block-heading has-medium-font-size\" id=\"jean-michel-basquiat\">Jean Michel Basquiat<\/h3>\n\n\n<ul class=\"wp-block-list\">\n<li class=\"has-normal-font-size\">S\u00e3o Paulo.<br\/>25.02- 8.04.2018<\/li>\n\n\n\n<li class=\"has-normal-font-size\">Bras\u00edlia.<br\/>21.04 &#8211; 1.07.2018<\/li>\n\n\n\n<li class=\"has-normal-font-size\">Belo Horizonte<br\/>14.07- 24.09.2018<\/li>\n<\/ul>\n<\/div>\n<\/div>\n\n\n\n<div class=\"wp-block-group is-vertical is-layout-flex wp-container-core-group-is-layout-fe9cc265 wp-block-group-is-layout-flex\">\n<div class=\"wp-block-group has-global-padding is-layout-constrained wp-block-group-is-layout-constrained\"><h3 class=\"wp-block-heading has-medium-font-size\" id=\"magic-realism-enchantment-in-the-italian-painting-in-the-twenties-and-thirties\">Magic Realism. Enchantment in the Italian Painting in the Twenties and Thirties. <\/h3>\n\n\n<ul class=\"wp-block-list\">\n<li class=\"has-normal-font-size\">Ateneum Art Museum, Helsinki.<br\/>1.05- 19.08.2018<\/li>\n\n\n\n<li class=\"has-normal-font-size\">Museum Folkwang, Essen.<br\/>27.09.2018 &#8211; 13.01.2019<\/li>\n<\/ul>\n<\/div>\n\n\n\n<div class=\"wp-block-group has-global-padding is-layout-constrained wp-block-group-is-layout-constrained\"><h3 class=\"wp-block-heading has-medium-font-size\" id=\"toulouse-lautrec\">Toulouse Lautrec<\/h3>\n\n\n<ul class=\"wp-block-list\">\n<li class=\"has-normal-font-size\">Fundacion Canal, Madrid.  <br\/>08.02 &#8211; 06.05.2018<\/li>\n<\/ul>\n<\/div>\n\n\n\n<div class=\"wp-block-group has-global-padding is-layout-constrained wp-block-group-is-layout-constrained\"><h3 class=\"wp-block-heading has-medium-font-size\" id=\"barbie-the-icon\">Barbie. The Icon <\/h3>\n\n\n<ul class=\"wp-block-list\">\n<li class=\"has-normal-font-size\">Fundacion Canal, Madrid.  <br\/>16.02 &#8211; 02.05.2017<\/li>\n\n\n\n<li class=\"has-normal-font-size\">The National Museum of Finland, Helsinki.  <br\/>27.4 &#8211; 26.8.2018<\/li>\n<\/ul>\n<\/div>\n<\/div>\n<\/div>\n<\/div>\n","protected":false},"excerpt":{"rendered":"<p>Art speaks a universal language that knows no boundaries. In an increasingly connected and fluid world, our stories are born to travel far. We partner with major international publishers and museums in creating volumes designed for a global audience.<\/p>\n","protected":false},"author":2,"featured_media":4640,"parent":4228,"menu_order":0,"comment_status":"closed","ping_status":"closed","template":"","meta":{"_acf_changed":false,"inline_featured_image":false,"footnotes":""},"class_list":["post-4366","page","type-page","status-publish","has-post-thumbnail","hentry"],"acf":[],"yoast_head":"<!-- This site is optimized with the Yoast SEO plugin v25.9 - https:\/\/yoast.com\/wordpress\/plugins\/seo\/ -->\n<title>International Editions - 24 ORE Cultura<\/title>\n<meta name=\"robots\" content=\"index, follow, max-snippet:-1, max-image-preview:large, max-video-preview:-1\" \/>\n<link rel=\"canonical\" href=\"https:\/\/www.24orecultura.com\/en\/exhibitions-and-museum-management\/international-exhibitions\/\" \/>\n<meta property=\"og:locale\" content=\"en_US\" \/>\n<meta property=\"og:type\" content=\"article\" \/>\n<meta property=\"og:title\" content=\"International Editions - 24 ORE Cultura\" \/>\n<meta property=\"og:description\" content=\"Art speaks a universal language that knows no boundaries. In an increasingly connected and fluid world, our stories are born to travel far. We partner with major international publishers and museums in creating volumes designed for a global audience.\" \/>\n<meta property=\"og:url\" content=\"https:\/\/www.24orecultura.com\/en\/exhibitions-and-museum-management\/international-exhibitions\/\" \/>\n<meta property=\"og:site_name\" content=\"24 ORE Cultura\" \/>\n<meta property=\"article:modified_time\" content=\"2025-03-07T15:38:28+00:00\" \/>\n<meta property=\"og:image\" content=\"https:\/\/www.24orecultura.com\/wp-content\/uploads\/2025\/02\/Box_Mostre-Internazionali.jpeg\" \/>\n\t<meta property=\"og:image:width\" content=\"1581\" \/>\n\t<meta property=\"og:image:height\" content=\"1148\" \/>\n\t<meta property=\"og:image:type\" content=\"image\/jpeg\" \/>\n<meta name=\"twitter:card\" content=\"summary_large_image\" \/>\n<meta name=\"twitter:label1\" content=\"Est. reading time\" \/>\n\t<meta name=\"twitter:data1\" content=\"2 minutes\" \/>\n<script type=\"application\/ld+json\" class=\"yoast-schema-graph\">{\"@context\":\"https:\/\/schema.org\",\"@graph\":[{\"@type\":\"WebPage\",\"@id\":\"https:\/\/www.24orecultura.com\/en\/exhibitions-and-museum-management\/international-exhibitions\/\",\"url\":\"https:\/\/www.24orecultura.com\/en\/exhibitions-and-museum-management\/international-exhibitions\/\",\"name\":\"International Editions - 24 ORE Cultura\",\"isPartOf\":{\"@id\":\"https:\/\/www.24orecultura.com\/en\/#website\"},\"primaryImageOfPage\":{\"@id\":\"https:\/\/www.24orecultura.com\/en\/exhibitions-and-museum-management\/international-exhibitions\/#primaryimage\"},\"image\":{\"@id\":\"https:\/\/www.24orecultura.com\/en\/exhibitions-and-museum-management\/international-exhibitions\/#primaryimage\"},\"thumbnailUrl\":\"https:\/\/www.24orecultura.com\/wp-content\/uploads\/2025\/04\/Mostre_Internazionali_HP.jpg\",\"datePublished\":\"2025-02-21T14:54:14+00:00\",\"dateModified\":\"2025-03-07T15:38:28+00:00\",\"breadcrumb\":{\"@id\":\"https:\/\/www.24orecultura.com\/en\/exhibitions-and-museum-management\/international-exhibitions\/#breadcrumb\"},\"inLanguage\":\"en-US\",\"potentialAction\":[{\"@type\":\"ReadAction\",\"target\":[\"https:\/\/www.24orecultura.com\/en\/exhibitions-and-museum-management\/international-exhibitions\/\"]}]},{\"@type\":\"ImageObject\",\"inLanguage\":\"en-US\",\"@id\":\"https:\/\/www.24orecultura.com\/en\/exhibitions-and-museum-management\/international-exhibitions\/#primaryimage\",\"url\":\"https:\/\/www.24orecultura.com\/wp-content\/uploads\/2025\/04\/Mostre_Internazionali_HP.jpg\",\"contentUrl\":\"https:\/\/www.24orecultura.com\/wp-content\/uploads\/2025\/04\/Mostre_Internazionali_HP.jpg\",\"width\":2000,\"height\":1455},{\"@type\":\"BreadcrumbList\",\"@id\":\"https:\/\/www.24orecultura.com\/en\/exhibitions-and-museum-management\/international-exhibitions\/#breadcrumb\",\"itemListElement\":[{\"@type\":\"ListItem\",\"position\":1,\"name\":\"Home\",\"item\":\"https:\/\/www.24orecultura.com\/en\/\"},{\"@type\":\"ListItem\",\"position\":2,\"name\":\"Exhibitions and museum management\",\"item\":\"https:\/\/www.24orecultura.com\/en\/exhibitions-and-museum-management\/\"},{\"@type\":\"ListItem\",\"position\":3,\"name\":\"International Editions\"}]},{\"@type\":\"WebSite\",\"@id\":\"https:\/\/www.24orecultura.com\/en\/#website\",\"url\":\"https:\/\/www.24orecultura.com\/en\/\",\"name\":\"24 ORE Cultura\",\"description\":\"Il Sole 24ORE\",\"publisher\":{\"@id\":\"https:\/\/www.24orecultura.com\/en\/#organization\"},\"potentialAction\":[{\"@type\":\"SearchAction\",\"target\":{\"@type\":\"EntryPoint\",\"urlTemplate\":\"https:\/\/www.24orecultura.com\/en\/?s={search_term_string}\"},\"query-input\":{\"@type\":\"PropertyValueSpecification\",\"valueRequired\":true,\"valueName\":\"search_term_string\"}}],\"inLanguage\":\"en-US\"},{\"@type\":\"Organization\",\"@id\":\"https:\/\/www.24orecultura.com\/en\/#organization\",\"name\":\"24 ORE Cultura\",\"url\":\"https:\/\/www.24orecultura.com\/en\/\",\"logo\":{\"@type\":\"ImageObject\",\"inLanguage\":\"en-US\",\"@id\":\"https:\/\/www.24orecultura.com\/en\/#\/schema\/logo\/image\/\",\"url\":\"https:\/\/www.24orecultura.com\/wp-content\/uploads\/2024\/10\/24orecultura-logo-new.png\",\"contentUrl\":\"https:\/\/www.24orecultura.com\/wp-content\/uploads\/2024\/10\/24orecultura-logo-new.png\",\"width\":300,\"height\":200,\"caption\":\"24 ORE Cultura\"},\"image\":{\"@id\":\"https:\/\/www.24orecultura.com\/en\/#\/schema\/logo\/image\/\"}}]}<\/script>\n<!-- \/ Yoast SEO plugin. -->","yoast_head_json":{"title":"International Editions - 24 ORE Cultura","robots":{"index":"index","follow":"follow","max-snippet":"max-snippet:-1","max-image-preview":"max-image-preview:large","max-video-preview":"max-video-preview:-1"},"canonical":"https:\/\/www.24orecultura.com\/en\/exhibitions-and-museum-management\/international-exhibitions\/","og_locale":"en_US","og_type":"article","og_title":"International Editions - 24 ORE Cultura","og_description":"Art speaks a universal language that knows no boundaries. In an increasingly connected and fluid world, our stories are born to travel far. We partner with major international publishers and museums in creating volumes designed for a global audience.","og_url":"https:\/\/www.24orecultura.com\/en\/exhibitions-and-museum-management\/international-exhibitions\/","og_site_name":"24 ORE Cultura","article_modified_time":"2025-03-07T15:38:28+00:00","og_image":[{"width":1581,"height":1148,"url":"https:\/\/www.24orecultura.com\/wp-content\/uploads\/2025\/02\/Box_Mostre-Internazionali.jpeg","type":"image\/jpeg"}],"twitter_card":"summary_large_image","twitter_misc":{"Est. reading time":"2 minutes"},"schema":{"@context":"https:\/\/schema.org","@graph":[{"@type":"WebPage","@id":"https:\/\/www.24orecultura.com\/en\/exhibitions-and-museum-management\/international-exhibitions\/","url":"https:\/\/www.24orecultura.com\/en\/exhibitions-and-museum-management\/international-exhibitions\/","name":"International Editions - 24 ORE Cultura","isPartOf":{"@id":"https:\/\/www.24orecultura.com\/en\/#website"},"primaryImageOfPage":{"@id":"https:\/\/www.24orecultura.com\/en\/exhibitions-and-museum-management\/international-exhibitions\/#primaryimage"},"image":{"@id":"https:\/\/www.24orecultura.com\/en\/exhibitions-and-museum-management\/international-exhibitions\/#primaryimage"},"thumbnailUrl":"https:\/\/www.24orecultura.com\/wp-content\/uploads\/2025\/04\/Mostre_Internazionali_HP.jpg","datePublished":"2025-02-21T14:54:14+00:00","dateModified":"2025-03-07T15:38:28+00:00","breadcrumb":{"@id":"https:\/\/www.24orecultura.com\/en\/exhibitions-and-museum-management\/international-exhibitions\/#breadcrumb"},"inLanguage":"en-US","potentialAction":[{"@type":"ReadAction","target":["https:\/\/www.24orecultura.com\/en\/exhibitions-and-museum-management\/international-exhibitions\/"]}]},{"@type":"ImageObject","inLanguage":"en-US","@id":"https:\/\/www.24orecultura.com\/en\/exhibitions-and-museum-management\/international-exhibitions\/#primaryimage","url":"https:\/\/www.24orecultura.com\/wp-content\/uploads\/2025\/04\/Mostre_Internazionali_HP.jpg","contentUrl":"https:\/\/www.24orecultura.com\/wp-content\/uploads\/2025\/04\/Mostre_Internazionali_HP.jpg","width":2000,"height":1455},{"@type":"BreadcrumbList","@id":"https:\/\/www.24orecultura.com\/en\/exhibitions-and-museum-management\/international-exhibitions\/#breadcrumb","itemListElement":[{"@type":"ListItem","position":1,"name":"Home","item":"https:\/\/www.24orecultura.com\/en\/"},{"@type":"ListItem","position":2,"name":"Exhibitions and museum management","item":"https:\/\/www.24orecultura.com\/en\/exhibitions-and-museum-management\/"},{"@type":"ListItem","position":3,"name":"International Editions"}]},{"@type":"WebSite","@id":"https:\/\/www.24orecultura.com\/en\/#website","url":"https:\/\/www.24orecultura.com\/en\/","name":"24 ORE Cultura","description":"Il Sole 24ORE","publisher":{"@id":"https:\/\/www.24orecultura.com\/en\/#organization"},"potentialAction":[{"@type":"SearchAction","target":{"@type":"EntryPoint","urlTemplate":"https:\/\/www.24orecultura.com\/en\/?s={search_term_string}"},"query-input":{"@type":"PropertyValueSpecification","valueRequired":true,"valueName":"search_term_string"}}],"inLanguage":"en-US"},{"@type":"Organization","@id":"https:\/\/www.24orecultura.com\/en\/#organization","name":"24 ORE Cultura","url":"https:\/\/www.24orecultura.com\/en\/","logo":{"@type":"ImageObject","inLanguage":"en-US","@id":"https:\/\/www.24orecultura.com\/en\/#\/schema\/logo\/image\/","url":"https:\/\/www.24orecultura.com\/wp-content\/uploads\/2024\/10\/24orecultura-logo-new.png","contentUrl":"https:\/\/www.24orecultura.com\/wp-content\/uploads\/2024\/10\/24orecultura-logo-new.png","width":300,"height":200,"caption":"24 ORE Cultura"},"image":{"@id":"https:\/\/www.24orecultura.com\/en\/#\/schema\/logo\/image\/"}}]}},"_links":{"self":[{"href":"https:\/\/www.24orecultura.com\/en\/wp-json\/wp\/v2\/pages\/4366","targetHints":{"allow":["GET"]}}],"collection":[{"href":"https:\/\/www.24orecultura.com\/en\/wp-json\/wp\/v2\/pages"}],"about":[{"href":"https:\/\/www.24orecultura.com\/en\/wp-json\/wp\/v2\/types\/page"}],"author":[{"embeddable":true,"href":"https:\/\/www.24orecultura.com\/en\/wp-json\/wp\/v2\/users\/2"}],"replies":[{"embeddable":true,"href":"https:\/\/www.24orecultura.com\/en\/wp-json\/wp\/v2\/comments?post=4366"}],"version-history":[{"count":0,"href":"https:\/\/www.24orecultura.com\/en\/wp-json\/wp\/v2\/pages\/4366\/revisions"}],"up":[{"embeddable":true,"href":"https:\/\/www.24orecultura.com\/en\/wp-json\/wp\/v2\/pages\/4228"}],"wp:featuredmedia":[{"embeddable":true,"href":"https:\/\/www.24orecultura.com\/en\/wp-json\/wp\/v2\/media\/4640"}],"wp:attachment":[{"href":"https:\/\/www.24orecultura.com\/en\/wp-json\/wp\/v2\/media?parent=4366"}],"curies":[{"name":"wp","href":"https:\/\/api.w.org\/{rel}","templated":true}]}}